{"id":4010,"date":"2025-01-03T15:25:32","date_gmt":"2025-01-03T14:25:32","guid":{"rendered":"https:\/\/dev.lab-gamerz.com\/site\/?page_id=4010"},"modified":"2025-01-03T15:25:41","modified_gmt":"2025-01-03T14:25:41","slug":"festival-gamerz","status":"publish","type":"page","link":"https:\/\/dev.lab-gamerz.com\/site\/festival-gamerz\/","title":{"rendered":"Festival Gamerz"},"content":{"rendered":"<h2>Festival Gamerz<\/h2>\n<article data-id=\"3188\">\n            <a href=\"https:\/\/dev.lab-gamerz.com\/site\/encagement-exposition-personnelle-de-nicolas-montgermont\/\"><\/a><br \/>\n                                <img loading=\"lazy\" decoding=\"async\" width=\"300\" height=\"161\" src=\"https:\/\/dev.lab-gamerz.com\/site\/wp-content\/uploads\/2022\/10\/Encagement-Nicolas-Montgermont-Lab-GAMERZ-Exposition-Biennale-une-5eme-saison-Aix-en-Provence-300x161.jpg\" alt=\"\" \/><\/p>\n<header>\n<h5><a href=\"https:\/\/dev.lab-gamerz.com\/site\/encagement-exposition-personnelle-de-nicolas-montgermont\/\" title=\"ENCAGEMENT  |  Exposition personnelle de Nicolas Montgermont\">ENCAGEMENT  |  Exposition personnelle de Nicolas Montgermont<\/a><\/h5>\n<\/header>\n<p><time datetime=\"18 octobre 2022\">18 octobre 2022<\/time><br \/>\n    <\/article>\n<article data-id=\"2991\">\n            <a href=\"https:\/\/dev.lab-gamerz.com\/site\/felix-blume-exposition-monographique\/\"><\/a><br \/>\n                                <img loading=\"lazy\" decoding=\"async\" width=\"300\" height=\"161\" src=\"https:\/\/dev.lab-gamerz.com\/site\/wp-content\/uploads\/2022\/02\/website-Felix-Blume-Exposition-monographique-Musee-des-tapisseries-Aix-en-Provence-Biennale-une-5eme-saison-M2F-Creations-Lab-GAMERZ-300x161.jpg\" alt=\"website-F\u00e9lix Blume-Exposition monographique-Mus\u00e9e des tapisseries-Aix-en-Provence-Biennale une 5\u00e8me saison-M2F Cr\u00e9ations - Lab GAMERZ\" \/><\/p>\n<header>\n<h5><a href=\"https:\/\/dev.lab-gamerz.com\/site\/felix-blume-exposition-monographique\/\" title=\"F\u00c9LIX BLUME  |  Exposition monographique\">F\u00c9LIX BLUME  |  Exposition monographique<\/a><\/h5>\n<\/header>\n<p><time datetime=\"28 f\u00e9vrier 2022\">28 f\u00e9vrier 2022<\/time><br \/>\n    <\/article>\n<article data-id=\"2880\">\n            <a href=\"https:\/\/dev.lab-gamerz.com\/site\/metaboles-2021\/\"><\/a><br \/>\n                                <img loading=\"lazy\" decoding=\"async\" width=\"300\" height=\"160\" src=\"https:\/\/dev.lab-gamerz.com\/site\/wp-content\/uploads\/2021\/05\/metaboles-site-300x160.jpg\" alt=\"\" \/><\/p>\n<header>\n<h5><a href=\"https:\/\/dev.lab-gamerz.com\/site\/metaboles-2021\/\" title=\"METABOLES | 2021\">METABOLES | 2021<\/a><\/h5>\n<\/header>\n<p><time datetime=\"25 mai 2021\">25 mai 2021<\/time><br \/>\n    <\/article>\n<article data-id=\"2781\">\n            <a href=\"https:\/\/dev.lab-gamerz.com\/site\/2781-2\/\"><\/a><br \/>\n                                <img loading=\"lazy\" decoding=\"async\" width=\"300\" height=\"160\" src=\"https:\/\/dev.lab-gamerz.com\/site\/wp-content\/uploads\/2020\/10\/digital-derives-300x160.jpg\" alt=\"\" \/><\/p>\n<header>\n<h5><a href=\"https:\/\/dev.lab-gamerz.com\/site\/2781-2\/\" title=\"DIGITAL D\u00c9RIVES \/ 2020\">DIGITAL D\u00c9RIVES \/ 2020<\/a><\/h5>\n<\/header>\n<p><time datetime=\"16 octobre 2020\">16 octobre 2020<\/time><br \/>\n    <\/article>\n<article data-id=\"2666\">\n            <a href=\"https:\/\/dev.lab-gamerz.com\/site\/festival-gamerz-15-2019\/\"><\/a><br \/>\n                                <img loading=\"lazy\" decoding=\"async\" width=\"300\" height=\"160\" src=\"https:\/\/dev.lab-gamerz.com\/site\/wp-content\/uploads\/2019\/09\/visuelsite-300x160.jpg\" alt=\"\" \/><\/p>\n<header>\n<h5><a href=\"https:\/\/dev.lab-gamerz.com\/site\/festival-gamerz-15-2019\/\" title=\"Festival GAMERZ 15 \/ 2019\">Festival GAMERZ 15 \/ 2019<\/a><\/h5>\n<\/header>\n<p><time datetime=\"20 septembre 2019\">20 septembre 2019<\/time><br \/>\n    <\/article>\n<article data-id=\"2578\">\n            <a href=\"https:\/\/dev.lab-gamerz.com\/site\/festival-gamerz-14-2018\/\"><\/a><br \/>\n                                <img loading=\"lazy\" decoding=\"async\" width=\"300\" height=\"160\" src=\"https:\/\/dev.lab-gamerz.com\/site\/wp-content\/uploads\/2018\/09\/G14-site-300x160.jpg\" alt=\"\" \/><\/p>\n<header>\n<h5><a href=\"https:\/\/dev.lab-gamerz.com\/site\/festival-gamerz-14-2018\/\" title=\"Festival GAMERZ 14 \/ 2018\">Festival GAMERZ 14 \/ 2018<\/a><\/h5>\n<\/header>\n<p><time datetime=\"18 septembre 2018\">18 septembre 2018<\/time><br \/>\n    <\/article>\n<article data-id=\"2413\">\n            <a href=\"https:\/\/dev.lab-gamerz.com\/site\/festival-gamerz-13-2017\/\"><\/a><br \/>\n                                <img loading=\"lazy\" decoding=\"async\" width=\"300\" height=\"160\" src=\"https:\/\/dev.lab-gamerz.com\/site\/wp-content\/uploads\/2017\/12\/G13-site1-300x160.jpg\" alt=\"\" \/><\/p>\n<header>\n<h5><a href=\"https:\/\/dev.lab-gamerz.com\/site\/festival-gamerz-13-2017\/\" title=\"Festival GAMERZ 13 \/ 2017\">Festival GAMERZ 13 \/ 2017<\/a><\/h5>\n<\/header>\n<p><time datetime=\"29 ao\u00fbt 2017\">29 ao\u00fbt 2017<\/time><br \/>\n    <\/article>\n<article data-id=\"2220\">\n            <a href=\"https:\/\/dev.lab-gamerz.com\/site\/festival-gamerz-12-2016\/\"><\/a><br \/>\n                                <img loading=\"lazy\" decoding=\"async\" width=\"300\" height=\"160\" src=\"https:\/\/dev.lab-gamerz.com\/site\/wp-content\/uploads\/2016\/08\/GAMERZ12-visuel-300x160.jpg\" alt=\"\" \/><\/p>\n<header>\n<h5><a href=\"https:\/\/dev.lab-gamerz.com\/site\/festival-gamerz-12-2016\/\" title=\"Festival GAMERZ 12 \/ 2016\">Festival GAMERZ 12 \/ 2016<\/a><\/h5>\n<\/header>\n<p><time datetime=\"30 ao\u00fbt 2016\">30 ao\u00fbt 2016<\/time><br \/>\n    <\/article>\n<article data-id=\"1828\">\n            <a href=\"https:\/\/dev.lab-gamerz.com\/site\/festival-gamerz-11-2015\/\"><\/a><br \/>\n                                <img loading=\"lazy\" decoding=\"async\" width=\"300\" height=\"160\" src=\"https:\/\/dev.lab-gamerz.com\/site\/wp-content\/uploads\/2015\/09\/visuel-paysage1-300x160.jpg\" alt=\"\" \/><\/p>\n<header>\n<h5><a href=\"https:\/\/dev.lab-gamerz.com\/site\/festival-gamerz-11-2015\/\" title=\"Festival GAMERZ 11 \/ 2015\">Festival GAMERZ 11 \/ 2015<\/a><\/h5>\n<\/header>\n<p><time datetime=\"22 juillet 2015\">22 juillet 2015<\/time><br \/>\n    <\/article>\n<article data-id=\"787\">\n            <a href=\"https:\/\/dev.lab-gamerz.com\/site\/festival-gamerz-10-2014\/\"><\/a><br \/>\n                                <img loading=\"lazy\" decoding=\"async\" width=\"300\" height=\"160\" src=\"https:\/\/dev.lab-gamerz.com\/site\/wp-content\/uploads\/2015\/01\/GAMERZ-10-300x160.jpg\" alt=\"\" \/><\/p>\n<header>\n<h5><a href=\"https:\/\/dev.lab-gamerz.com\/site\/festival-gamerz-10-2014\/\" title=\"Festival GAMERZ 10 \/ 2014\">Festival GAMERZ 10 \/ 2014<\/a><\/h5>\n<\/header>\n<p><time datetime=\"1 f\u00e9vrier 2015\">1 f\u00e9vrier 2015<\/time><br \/>\n    <\/article>\n<article data-id=\"768\">\n            <a href=\"https:\/\/dev.lab-gamerz.com\/site\/festival-gamerz-9-2013\/\"><\/a><br \/>\n                                <img loading=\"lazy\" decoding=\"async\" width=\"300\" height=\"160\" src=\"https:\/\/dev.lab-gamerz.com\/site\/wp-content\/uploads\/2015\/01\/GAMERZ-09-300x160.jpg\" alt=\"\" \/><\/p>\n<header>\n<h5><a href=\"https:\/\/dev.lab-gamerz.com\/site\/festival-gamerz-9-2013\/\" title=\"Festival GAMERZ 9 \/ 2013\">Festival GAMERZ 9 \/ 2013<\/a><\/h5>\n<\/header>\n<p><time datetime=\"30 janvier 2015\">30 janvier 2015<\/time><br \/>\n    <\/article>\n<article data-id=\"746\">\n            <a href=\"https:\/\/dev.lab-gamerz.com\/site\/festival-gamerz-8-2012\/\"><\/a><br \/>\n                                <img loading=\"lazy\" decoding=\"async\" width=\"300\" height=\"160\" src=\"https:\/\/dev.lab-gamerz.com\/site\/wp-content\/uploads\/2015\/01\/GAMERZ-08-300x160.jpg\" alt=\"\" \/><\/p>\n<header>\n<h5><a href=\"https:\/\/dev.lab-gamerz.com\/site\/festival-gamerz-8-2012\/\" title=\"Festival GAMERZ 8 \/ 2012\">Festival GAMERZ 8 \/ 2012<\/a><\/h5>\n<\/header>\n<p><time datetime=\"29 janvier 2015\">29 janvier 2015<\/time><br \/>\n    <\/article>\n<article data-id=\"740\">\n            <a href=\"https:\/\/dev.lab-gamerz.com\/site\/festival-gamerz-7-2011\/\"><\/a><br \/>\n                                <img loading=\"lazy\" decoding=\"async\" width=\"300\" height=\"160\" src=\"https:\/\/dev.lab-gamerz.com\/site\/wp-content\/uploads\/2015\/01\/GAMERZ-07-300x160.jpg\" alt=\"\" \/><\/p>\n<header>\n<h5><a href=\"https:\/\/dev.lab-gamerz.com\/site\/festival-gamerz-7-2011\/\" title=\"Festival GAMERZ 7 \/ 2011\">Festival GAMERZ 7 \/ 2011<\/a><\/h5>\n<\/header>\n<p><time datetime=\"28 janvier 2015\">28 janvier 2015<\/time><br \/>\n    <\/article>\n<article data-id=\"734\">\n            <a href=\"https:\/\/dev.lab-gamerz.com\/site\/festival-gamerz-6-2010\/\"><\/a><br \/>\n                                <img loading=\"lazy\" decoding=\"async\" width=\"300\" height=\"160\" src=\"https:\/\/dev.lab-gamerz.com\/site\/wp-content\/uploads\/2015\/01\/GAMERZ-06-300x160.jpg\" alt=\"\" \/><\/p>\n<header>\n<h5><a href=\"https:\/\/dev.lab-gamerz.com\/site\/festival-gamerz-6-2010\/\" title=\"Festival GAMERZ 6 \/ 2010\">Festival GAMERZ 6 \/ 2010<\/a><\/h5>\n<\/header>\n<p><time datetime=\"27 janvier 2015\">27 janvier 2015<\/time><br \/>\n    <\/article>\n<article data-id=\"728\">\n            <a href=\"https:\/\/dev.lab-gamerz.com\/site\/festival-gamerz-5-2009\/\"><\/a><br \/>\n                                <img loading=\"lazy\" decoding=\"async\" width=\"300\" height=\"160\" src=\"https:\/\/dev.lab-gamerz.com\/site\/wp-content\/uploads\/2015\/01\/GAMERZ-05-300x160.jpg\" alt=\"\" \/><\/p>\n<header>\n<h5><a href=\"https:\/\/dev.lab-gamerz.com\/site\/festival-gamerz-5-2009\/\" title=\"Festival GAMERZ 5 \/ 2009\">Festival GAMERZ 5 \/ 2009<\/a><\/h5>\n<\/header>\n<p><time datetime=\"26 janvier 2015\">26 janvier 2015<\/time><br \/>\n    <\/article>\n<article data-id=\"700\">\n            <a href=\"https:\/\/dev.lab-gamerz.com\/site\/festival-gamerz-2009\/\"><\/a><br \/>\n                                <img loading=\"lazy\" decoding=\"async\" width=\"300\" height=\"160\" src=\"https:\/\/dev.lab-gamerz.com\/site\/wp-content\/uploads\/2015\/01\/GAMERZ-04-300x160.jpg\" alt=\"\" \/><\/p>\n<header>\n<h5><a href=\"https:\/\/dev.lab-gamerz.com\/site\/festival-gamerz-2009\/\" title=\"Festival GAMERZ 4 \/ 2009\">Festival GAMERZ 4 \/ 2009<\/a><\/h5>\n<\/header>\n<p><time datetime=\"25 janvier 2015\">25 janvier 2015<\/time><br \/>\n    <\/article>\n<article data-id=\"694\">\n            <a href=\"https:\/\/dev.lab-gamerz.com\/site\/festival-gamerz-istanbull-2008\/\"><\/a><br \/>\n                                <img loading=\"lazy\" decoding=\"async\" width=\"300\" height=\"160\" src=\"https:\/\/dev.lab-gamerz.com\/site\/wp-content\/uploads\/2015\/01\/GAMERZ-03-300x160.jpg\" alt=\"\" \/><\/p>\n<header>\n<h5><a href=\"https:\/\/dev.lab-gamerz.com\/site\/festival-gamerz-istanbull-2008\/\" title=\"Festival GAMERZ 3 \/ Istanbul 2008\">Festival GAMERZ 3 \/ Istanbul 2008<\/a><\/h5>\n<\/header>\n<p><time datetime=\"24 janvier 2015\">24 janvier 2015<\/time><br \/>\n    <\/article>\n<article data-id=\"683\">\n            <a href=\"https:\/\/dev.lab-gamerz.com\/site\/gamerz-2008\/\"><\/a><br \/>\n                                <img loading=\"lazy\" decoding=\"async\" width=\"300\" height=\"160\" src=\"https:\/\/dev.lab-gamerz.com\/site\/wp-content\/uploads\/2015\/01\/GAMERZ-02-300x160.jpg\" alt=\"\" \/><\/p>\n<header>\n<h5><a href=\"https:\/\/dev.lab-gamerz.com\/site\/gamerz-2008\/\" title=\"Festival GAMERZ 2 \/ 2008\">Festival GAMERZ 2 \/ 2008<\/a><\/h5>\n<\/header>\n<p><time datetime=\"23 janvier 2015\">23 janvier 2015<\/time><br \/>\n    <\/article>\n<article data-id=\"3730\">\n            <a href=\"https:\/\/dev.lab-gamerz.com\/site\/exposition-gamerz-2006\/\"><\/a><br \/>\n                                <img loading=\"lazy\" decoding=\"async\" width=\"300\" height=\"160\" src=\"https:\/\/dev.lab-gamerz.com\/site\/wp-content\/uploads\/2015\/01\/GAMERZ-01-300x160.jpg\" alt=\"\" \/><\/p>\n<header>\n<h5><a href=\"https:\/\/dev.lab-gamerz.com\/site\/exposition-gamerz-2006\/\" title=\"Exposition GAMERZ \/ 2006\">Exposition GAMERZ \/ 2006<\/a><\/h5>\n<\/header>\n<p><time datetime=\"22 janvier 2015\">22 janvier 2015<\/time><br \/>\n    <\/article>\n","protected":false},"excerpt":{"rendered":"<p>Festival Gamerz ENCAGEMENT | Exposition personnelle de Nicolas Montgermont 18 octobre 2022 F\u00c9LIX BLUME | Exposition monographique 28 f\u00e9vrier 2022 METABOLES | 2021 25 mai 2021 DIGITAL D\u00c9RIVES \/ 2020 16 octobre 2020 Festival GAMERZ 15 \/ 2019 20 septembre 2019 Festival GAMERZ 14 \/ 2018 18 septembre 2018 Festival GAMERZ 13 \/ 2017 29 [&hellip;]<\/p>\n","protected":false},"author":1,"featured_media":0,"parent":0,"menu_order":0,"comment_status":"closed","ping_status":"closed","template":"","meta":{"footnotes":""},"class_list":["post-4010","page","type-page","status-publish","hentry"],"_links":{"self":[{"href":"https:\/\/dev.lab-gamerz.com\/site\/wp-json\/wp\/v2\/pages\/4010","targetHints":{"allow":["GET"]}}],"collection":[{"href":"https:\/\/dev.lab-gamerz.com\/site\/wp-json\/wp\/v2\/pages"}],"about":[{"href":"https:\/\/dev.lab-gamerz.com\/site\/wp-json\/wp\/v2\/types\/page"}],"author":[{"embeddable":true,"href":"https:\/\/dev.lab-gamerz.com\/site\/wp-json\/wp\/v2\/users\/1"}],"replies":[{"embeddable":true,"href":"https:\/\/dev.lab-gamerz.com\/site\/wp-json\/wp\/v2\/comments?post=4010"}],"version-history":[{"count":4,"href":"https:\/\/dev.lab-gamerz.com\/site\/wp-json\/wp\/v2\/pages\/4010\/revisions"}],"predecessor-version":[{"id":4014,"href":"https:\/\/dev.lab-gamerz.com\/site\/wp-json\/wp\/v2\/pages\/4010\/revisions\/4014"}],"wp:attachment":[{"href":"https:\/\/dev.lab-gamerz.com\/site\/wp-json\/wp\/v2\/media?parent=4010"}],"curies":[{"name":"wp","href":"https:\/\/api.w.org\/{rel}","templated":true}]}}