{"id":40,"date":"2024-12-19T14:31:24","date_gmt":"2024-12-19T13:31:24","guid":{"rendered":"https:\/\/dev.lab-gamerz.com\/site\/?page_id=40"},"modified":"2025-02-20T20:42:43","modified_gmt":"2025-02-20T19:42:43","slug":"home","status":"publish","type":"page","link":"https:\/\/dev.lab-gamerz.com\/site\/","title":{"rendered":"Home"},"content":{"rendered":"<p>LABgamerz est une association d\u00e9di\u00e9e aux pratiques artistiques interdisciplinaires et multim\u00e9dia. Fond\u00e9e par des artistes en 2003 pour explorer et questionner les cultures num\u00e9riques, LABgamerz \u0153uvre aujourd\u2019hui pour le d\u00e9cloisonnement des disciplines et la circulation des savoirs entre les arts et plusieurs domaines de recherche et d\u2019action.<\/p>\n<p><a href=\"#Expositions\"><\/p>\n<p><\/a><br \/>\n<img loading=\"lazy\" decoding=\"async\" src=\"https:\/\/dev.lab-gamerz.com\/site\/wp-content\/uploads\/2025\/01\/Forme-LabGamerz2.png\" sizes=\"auto, (max-width: 5035px) 100vw, 5035px\" srcset=\"https:\/\/dev.lab-gamerz.com\/site\/wp-content\/uploads\/2025\/01\/Forme-LabGamerz2.png 5035w, https:\/\/dev.lab-gamerz.com\/site\/wp-content\/uploads\/2025\/01\/Forme-LabGamerz2-300x90.png 300w, https:\/\/dev.lab-gamerz.com\/site\/wp-content\/uploads\/2025\/01\/Forme-LabGamerz2-1024x309.png 1024w, https:\/\/dev.lab-gamerz.com\/site\/wp-content\/uploads\/2025\/01\/Forme-LabGamerz2-768x232.png 768w, https:\/\/dev.lab-gamerz.com\/site\/wp-content\/uploads\/2025\/01\/Forme-LabGamerz2-1536x463.png 1536w, https:\/\/dev.lab-gamerz.com\/site\/wp-content\/uploads\/2025\/01\/Forme-LabGamerz2-2048x617.png 2048w\" alt=\"\" width=\"5035\" height=\"1518\" \/><\/p>\n<h2>\u00c9v\u00e9nements<\/h2>\n<p>Tout au long de l\u2019ann\u00e9e, l\u2019association le LABgamerz propose diff\u00e9rentes expositions et un festival international annuel interrogeant les pratiques num\u00e9riques dans le champ de la cr\u00e9ation contemporaine. Ces \u00e9v\u00e9nements prennent place sur le territoire de la m\u00e9tropole Aix \u2013 Marseille, en France et en Europe.<\/p>\n<article data-id=\"3658\">\n<img loading=\"lazy\" decoding=\"async\" src=\"https:\/\/dev.lab-gamerz.com\/site\/wp-content\/uploads\/2024\/09\/Cecile_au_tissage-scaled-1-300x200.jpg\" alt=\"\" width=\"300\" height=\"200\" \/><\/p>\n<header>\n<h5><a title=\"Loops of the Loom | C\u00e9cile Babiole\" href=\"https:\/\/dev.lab-gamerz.com\/site\/loops-of-the-loom-cecile-babiole\/\">Loops of the Loom | C\u00e9cile Babiole<\/a><\/h5>\n<\/header>\n<p><time datetime=\"17 septembre 2024\">17 septembre 2024<\/time><\/p>\n<\/article>\n<article data-id=\"3642\">\n<img loading=\"lazy\" decoding=\"async\" src=\"https:\/\/dev.lab-gamerz.com\/site\/wp-content\/uploads\/2024\/10\/image00235-e1729516756488-300x207.jpg\" alt=\"\" width=\"300\" height=\"207\" \/><\/p>\n<header>\n<h5><a title=\"Akwan (des univers) | Youmna Saba\" href=\"https:\/\/dev.lab-gamerz.com\/site\/akwan-des-univers-youmna-saba\/\">Akwan (des univers) | Youmna Saba<\/a><\/h5>\n<\/header>\n<p><time datetime=\"17 septembre 2024\">17 septembre 2024<\/time><\/p>\n<\/article>\n<article data-id=\"3594\">\n<img loading=\"lazy\" decoding=\"async\" src=\"https:\/\/dev.lab-gamerz.com\/site\/wp-content\/uploads\/2024\/05\/ERRANCEVI-300dpi-min-min-min-min-min_page-0001-1-300x168.jpg\" alt=\"\" width=\"300\" height=\"168\" \/><\/p>\n<header>\n<h5><a title=\"Spectres, Zombix et autres figures hant\u00e9es\" href=\"https:\/\/dev.lab-gamerz.com\/site\/soiree-de-restitution-du-studio-temps-reel-de-lesaaix\/\">Spectres, Zombix et autres figures hant\u00e9es<\/a><\/h5>\n<\/header>\n<p><time datetime=\"14 mai 2024\">14 mai 2024<\/time><\/p>\n<\/article>\n<article data-id=\"3560\">\n<img loading=\"lazy\" decoding=\"async\" src=\"https:\/\/dev.lab-gamerz.com\/site\/wp-content\/uploads\/2024\/03\/visu-FormaBoom-DeepSpeech-1-scaled-1-300x212.jpg\" alt=\"\" width=\"300\" height=\"212\" \/><\/p>\n<header>\n<h5><a title=\"Deep Speech | Exposition et Festival\" href=\"https:\/\/dev.lab-gamerz.com\/site\/deep-speech-dialogues-inter-especes-exposition-collective\/\">Deep Speech | Exposition et Festival<\/a><\/h5>\n<\/header>\n<p><time datetime=\"25 mars 2024\">25 mars 2024<\/time><\/p>\n<\/article>\n<p><button id=\"eael-load-more-btn-d27a715\" data-widget-id=\"d27a715\" data-widget=\"d27a715\" data-page-id=\"40\" data-template=\"{&quot;dir&quot;:&quot;lite&quot;,&quot;file_name&quot;:&quot;default.php&quot;,&quot;name&quot;:&quot;Post-Grid&quot;}\" data-class=\"Essential_Addons_ElementorElementsPost_Grid\" data-layout=\"grid\" data-page=\"1\" data-args=\"orderby=date&amp;order=desc&amp;ignore_sticky_posts=1&amp;post_status=publish&amp;posts_per_page=4&amp;offset=0&amp;post_type=post&amp;tax_query%5B0%5D%5Btaxonomy%5D=category&amp;tax_query%5B0%5D%5Bfield%5D=term_id&amp;tax_query%5B0%5D%5Bterms%5D%5B0%5D=7&amp;tax_query%5Brelation%5D=AND\" data-max-page=\"4\"><br \/>\nLoad More<br \/>\n<\/button><br \/>\n<a href=\"https:\/\/dev.lab-gamerz.com\/site\/evenements\/\"><\/p>\n<p>Toutes les expositions<br \/>\n<\/a><\/p>\n<h2>R\u00e9sidences<\/h2>\n<p>LABgamerz propose d\u2019accompagner les artistes souhaitant utiliser les technologies dans la cr\u00e9ation de projets artistiques. Le laboratoire accueille \u00e0 l\u2019ann\u00e9e des artistes nationaux ou internationaux en leur faisant b\u00e9n\u00e9ficier d\u2019une aide technique ou logistique allant de l\u2019\u00e9criture du projet \u00e0 sa r\u00e9alisation. Ces cr\u00e9ations sont pr\u00e9sent\u00e9es en primeur dans le cadre du festival Gamerz.<\/p>\n<article data-id=\"3548\">\n<img loading=\"lazy\" decoding=\"async\" src=\"https:\/\/dev.lab-gamerz.com\/site\/wp-content\/uploads\/2024\/03\/Copie-de-1_Natalia-Tsouloucha-300x199.jpg\" alt=\"\" width=\"300\" height=\"199\" \/><\/p>\n<header>\n<h5><a title=\"Nour Sokhon, Beirut \u2013 Berlin \u2013 Birds\" href=\"https:\/\/dev.lab-gamerz.com\/site\/nour-sokhon-beirut-berlin-birds\/\">Nour Sokhon, Beirut \u2013 Berlin \u2013 Birds<\/a><\/h5>\n<\/header>\n<p><time datetime=\"5 mars 2024\">5 mars 2024<\/time><\/p>\n<\/article>\n<article data-id=\"3541\">\n<img loading=\"lazy\" decoding=\"async\" src=\"https:\/\/dev.lab-gamerz.com\/site\/wp-content\/uploads\/2024\/03\/Copie-de-YoumnaSaba_By_UgoSiegfriedt_CTM-Festival-2022-300x226.jpg\" alt=\"\" width=\"300\" height=\"226\" \/><\/p>\n<header>\n<h5><a title=\"Youmna Saba, Akwan (des univers)\" href=\"https:\/\/dev.lab-gamerz.com\/site\/youmna-saba-akwan-des-univers\/\">Youmna Saba, Akwan (des univers)<\/a><\/h5>\n<\/header>\n<p><time datetime=\"5 mars 2024\">5 mars 2024<\/time><\/p>\n<\/article>\n<article data-id=\"3543\">\n<img loading=\"lazy\" decoding=\"async\" src=\"https:\/\/dev.lab-gamerz.com\/site\/wp-content\/uploads\/2024\/03\/retraites-st-joseph-pali-300x200.jpeg\" alt=\"\" width=\"300\" height=\"200\" \/><\/p>\n<header>\n<h5><a title=\"Pali Meursault chez Paysage endormi \/2\" href=\"https:\/\/dev.lab-gamerz.com\/site\/pali-meursault-aux-retraites-de-saint-joseph-2\/\">Pali Meursault chez Paysage endormi \/2<\/a><\/h5>\n<\/header>\n<p><time datetime=\"5 mars 2024\">5 mars 2024<\/time><\/p>\n<\/article>\n<article data-id=\"3497\">\n<img loading=\"lazy\" decoding=\"async\" src=\"https:\/\/dev.lab-gamerz.com\/site\/wp-content\/uploads\/2024\/02\/Clover-1-1-scaled-1-300x200.jpg\" alt=\"\" width=\"300\" height=\"200\" \/><\/p>\n<header>\n<h5><a title=\"Catherine Clover\" href=\"https:\/\/dev.lab-gamerz.com\/site\/catherine-clover\/\">Catherine Clover<\/a><\/h5>\n<\/header>\n<p><time datetime=\"8 f\u00e9vrier 2024\">8 f\u00e9vrier 2024<\/time><\/p>\n<\/article>\n<p><button id=\"eael-load-more-btn-9773784\" data-widget-id=\"9773784\" data-widget=\"9773784\" data-page-id=\"40\" data-template=\"{&quot;dir&quot;:&quot;lite&quot;,&quot;file_name&quot;:&quot;default.php&quot;,&quot;name&quot;:&quot;Post-Grid&quot;}\" data-class=\"Essential_Addons_ElementorElementsPost_Grid\" data-layout=\"grid\" data-page=\"1\" data-args=\"orderby=date&amp;order=desc&amp;ignore_sticky_posts=0&amp;post_status=publish&amp;posts_per_page=4&amp;offset=0&amp;post_type=post&amp;tax_query%5B0%5D%5Btaxonomy%5D=category&amp;tax_query%5B0%5D%5Bfield%5D=term_id&amp;tax_query%5B0%5D%5Bterms%5D%5B0%5D=8&amp;tax_query%5Brelation%5D=AND\" data-max-page=\"3\"><br \/>\nLoad More<br \/>\n<\/button><br \/>\n<a href=\"https:\/\/dev.lab-gamerz.com\/site\/residences\/\"><\/p>\n<p>Toutes les r\u00e9sidences<br \/>\n<\/a><\/p>\n<h2>Transmission<\/h2>\n<p>Tout au long de l\u2019ann\u00e9e, LABgamerz propose avec plusieurs partenaires des ateliers d\u2019initiations et des workshops \u00e0 destination de diff\u00e9rents publics. Ces ateliers sont encadr\u00e9s par des artistes de l\u2019association et b\u00e9n\u00e9ficient d\u2019une restitution publique. Ces initiatives s\u2019appuient sur la volont\u00e9 de l\u2019association et de ses artistes de d\u00e9mocratiser la pratique des nouvelles technologies et de promouvoir la r\u00e9alisation de projets qui utilisent le multim\u00e9dia comme outil de cr\u00e9ation de d\u00e9veloppement et de recherche.<\/p>\n<article data-id=\"3501\">\n<img loading=\"lazy\" decoding=\"async\" src=\"https:\/\/dev.lab-gamerz.com\/site\/wp-content\/uploads\/2024\/02\/locus-scaled-1-300x199.jpg\" alt=\"\" width=\"300\" height=\"199\" \/><\/p>\n<header>\n<h5><a title=\"Workshop Locus Sonus Locus Vit\u00e6\" href=\"https:\/\/dev.lab-gamerz.com\/site\/workshop-locus-sonus-locus-vitae\/\">Workshop Locus Sonus Locus Vit\u00e6<\/a><\/h5>\n<\/header>\n<p><time datetime=\"8 f\u00e9vrier 2024\">8 f\u00e9vrier 2024<\/time><\/p>\n<\/article>\n<article data-id=\"3351\">\n<img loading=\"lazy\" decoding=\"async\" src=\"https:\/\/dev.lab-gamerz.com\/site\/wp-content\/uploads\/2023\/10\/encagement2-1024x684-1-300x200.jpg\" alt=\"\" width=\"300\" height=\"200\" \/><\/p>\n<header>\n<h5><a title=\"Ondes et radio\" href=\"https:\/\/dev.lab-gamerz.com\/site\/ondes-et-radio\/\">Ondes et radio<\/a><\/h5>\n<\/header>\n<p><time datetime=\"16 octobre 2023\">16 octobre 2023<\/time><\/p>\n<\/article>\n<article data-id=\"3375\">\n<img loading=\"lazy\" decoding=\"async\" src=\"https:\/\/dev.lab-gamerz.com\/site\/wp-content\/uploads\/2023\/10\/IMG_9971bk-300x201.jpg\" alt=\"\" width=\"300\" height=\"201\" \/><\/p>\n<header>\n<h5><a title=\"DISCUSSION LUDIQUE AUTOUR DES REPR\u00c9SENTATIONS NON MASCULINES DANS LE JEU VID\u00c9O\" href=\"https:\/\/dev.lab-gamerz.com\/site\/discussion-ludique-autour-des-representations-non-masculines-dans-le-jeu-video\/\">DISCUSSION LUDIQUE AUTOUR DES REPR\u00c9SENTATIONS NON MASCULINES DANS LE JEU VID\u00c9O<\/a><\/h5>\n<\/header>\n<p><time datetime=\"14 octobre 2023\">14 octobre 2023<\/time><\/p>\n<\/article>\n<article data-id=\"2737\">\n<img loading=\"lazy\" decoding=\"async\" src=\"https:\/\/dev.lab-gamerz.com\/site\/wp-content\/uploads\/2019\/12\/Reprise-du-PPC-300x169.jpg\" alt=\"\" width=\"300\" height=\"169\" \/><\/p>\n<header>\n<h5><a title=\"PANG PANG CLUB\" href=\"https:\/\/dev.lab-gamerz.com\/site\/pang-pang-club-4\/\">PANG PANG CLUB<\/a><\/h5>\n<\/header>\n<p><time datetime=\"6 d\u00e9cembre 2019\">6 d\u00e9cembre 2019<\/time><\/p>\n<\/article>\n<p><button id=\"eael-load-more-btn-c52f54f\" data-widget-id=\"c52f54f\" data-widget=\"c52f54f\" data-page-id=\"40\" data-template=\"{&quot;dir&quot;:&quot;lite&quot;,&quot;file_name&quot;:&quot;default.php&quot;,&quot;name&quot;:&quot;Post-Grid&quot;}\" data-class=\"Essential_Addons_ElementorElementsPost_Grid\" data-layout=\"grid\" data-page=\"1\" data-args=\"orderby=date&amp;order=desc&amp;ignore_sticky_posts=1&amp;post_status=publish&amp;posts_per_page=4&amp;offset=0&amp;post_type=post&amp;tax_query%5B0%5D%5Btaxonomy%5D=category&amp;tax_query%5B0%5D%5Bfield%5D=term_id&amp;tax_query%5B0%5D%5Bterms%5D%5B0%5D=10&amp;tax_query%5Brelation%5D=AND\" data-max-page=\"5\"><br \/>\nLoad More<br \/>\n<\/button><br \/>\n<a href=\"https:\/\/dev.lab-gamerz.com\/site\/ateliers\/\"><\/p>\n<p>Toute la transmission<br \/>\n<\/a><\/p>\n","protected":false},"excerpt":{"rendered":"<p>LABgamerz est une association d\u00e9di\u00e9e aux pratiques artistiques interdisciplinaires et multim\u00e9dia. Fond\u00e9e par des artistes en 2003 pour explorer et questionner les cultures num\u00e9riques, LABgamerz \u0153uvre aujourd\u2019hui pour le d\u00e9cloisonnement des disciplines et la circulation des savoirs entre les arts et plusieurs domaines de recherche et d\u2019action. \u00c9v\u00e9nements Tout au long de l\u2019ann\u00e9e, l\u2019association le [&hellip;]<\/p>\n","protected":false},"author":1,"featured_media":45,"parent":0,"menu_order":0,"comment_status":"closed","ping_status":"closed","template":"elementor_header_footer","meta":{"footnotes":""},"class_list":["post-40","page","type-page","status-publish","has-post-thumbnail","hentry"],"_links":{"self":[{"href":"https:\/\/dev.lab-gamerz.com\/site\/wp-json\/wp\/v2\/pages\/40","targetHints":{"allow":["GET"]}}],"collection":[{"href":"https:\/\/dev.lab-gamerz.com\/site\/wp-json\/wp\/v2\/pages"}],"about":[{"href":"https:\/\/dev.lab-gamerz.com\/site\/wp-json\/wp\/v2\/types\/page"}],"author":[{"embeddable":true,"href":"https:\/\/dev.lab-gamerz.com\/site\/wp-json\/wp\/v2\/users\/1"}],"replies":[{"embeddable":true,"href":"https:\/\/dev.lab-gamerz.com\/site\/wp-json\/wp\/v2\/comments?post=40"}],"version-history":[{"count":126,"href":"https:\/\/dev.lab-gamerz.com\/site\/wp-json\/wp\/v2\/pages\/40\/revisions"}],"predecessor-version":[{"id":4680,"href":"https:\/\/dev.lab-gamerz.com\/site\/wp-json\/wp\/v2\/pages\/40\/revisions\/4680"}],"wp:featuredmedia":[{"embeddable":true,"href":"https:\/\/dev.lab-gamerz.com\/site\/wp-json\/wp\/v2\/media\/45"}],"wp:attachment":[{"href":"https:\/\/dev.lab-gamerz.com\/site\/wp-json\/wp\/v2\/media?parent=40"}],"curies":[{"name":"wp","href":"https:\/\/api.w.org\/{rel}","templated":true}]}}