{"id":3906,"date":"2024-12-23T15:45:39","date_gmt":"2024-12-23T14:45:39","guid":{"rendered":"https:\/\/dev.lab-gamerz.com\/site\/?page_id=3906"},"modified":"2025-01-16T12:44:36","modified_gmt":"2025-01-16T11:44:36","slug":"laboratoire","status":"publish","type":"page","link":"https:\/\/dev.lab-gamerz.com\/site\/laboratoire\/","title":{"rendered":"Laboratoire"},"content":{"rendered":"<h2>Laboratoire<\/h2>\n<p>Depuis 2021, LABgamerz op\u00e8re une mutation de son principal outil de cr\u00e9ation: l\u2019atelier-laboratoire situ\u00e9 au Patio du Bois de l\u2019Aune \u00e0 Aix-en-Provence. Con\u00e7u comme un espace d\u00e9di\u00e9 \u00e0 la conception et la r\u00e9alisation pour l\u2019art num\u00e9rique, l\u2019atelier-laboratoire de LABgamerz est maintenant ouvert dans l\u2019esprit de partage et de mise en commun de la grande tradition des ateliers d\u2019artistes. Unique \u00e0 Aix-en-Provence, il dispose d\u2019un \u00e9quipement et d\u2019un outillage traditionnel pour le travail du bois ou du m\u00e9tal, d\u2019outils de prototype num\u00e9rique pour l\u2019impression 3D et la d\u00e9coupe laser, et d\u2019un studio d\u00e9di\u00e9 \u00e0 la cr\u00e9ation sonore et visuelle digitale. Cet \u00e9quipement, associ\u00e9 aux savoirs faire et \u00e0 l\u2019exp\u00e9rience de son \u00e9quipe dans le domaine de la conception\/r\u00e9alisation d\u2019\u0153uvre d\u2019art, permet \u00e0 LABgamerz de r\u00e9pondre aux commandes et demandes particuli\u00e8res, toujours en \u00e9troite relation avec les artistes.<\/p>\n","protected":false},"excerpt":{"rendered":"<p>Laboratoire Depuis 2021, LABgamerz op\u00e8re une mutation de son principal outil de cr\u00e9ation: l\u2019atelier-laboratoire situ\u00e9 au Patio du Bois de l\u2019Aune \u00e0 Aix-en-Provence. Con\u00e7u comme un espace d\u00e9di\u00e9 \u00e0 la conception et la r\u00e9alisation pour l\u2019art num\u00e9rique, l\u2019atelier-laboratoire de LABgamerz est maintenant ouvert dans l\u2019esprit de partage et de mise en commun de la grande [&hellip;]<\/p>\n","protected":false},"author":1,"featured_media":0,"parent":0,"menu_order":0,"comment_status":"closed","ping_status":"closed","template":"","meta":{"footnotes":""},"class_list":["post-3906","page","type-page","status-publish","hentry"],"_links":{"self":[{"href":"https:\/\/dev.lab-gamerz.com\/site\/wp-json\/wp\/v2\/pages\/3906","targetHints":{"allow":["GET"]}}],"collection":[{"href":"https:\/\/dev.lab-gamerz.com\/site\/wp-json\/wp\/v2\/pages"}],"about":[{"href":"https:\/\/dev.lab-gamerz.com\/site\/wp-json\/wp\/v2\/types\/page"}],"author":[{"embeddable":true,"href":"https:\/\/dev.lab-gamerz.com\/site\/wp-json\/wp\/v2\/users\/1"}],"replies":[{"embeddable":true,"href":"https:\/\/dev.lab-gamerz.com\/site\/wp-json\/wp\/v2\/comments?post=3906"}],"version-history":[{"count":9,"href":"https:\/\/dev.lab-gamerz.com\/site\/wp-json\/wp\/v2\/pages\/3906\/revisions"}],"predecessor-version":[{"id":4586,"href":"https:\/\/dev.lab-gamerz.com\/site\/wp-json\/wp\/v2\/pages\/3906\/revisions\/4586"}],"wp:attachment":[{"href":"https:\/\/dev.lab-gamerz.com\/site\/wp-json\/wp\/v2\/media?parent=3906"}],"curies":[{"name":"wp","href":"https:\/\/api.w.org\/{rel}","templated":true}]}}