{"id":3833,"date":"2024-12-23T13:13:11","date_gmt":"2024-12-23T12:13:11","guid":{"rendered":"https:\/\/dev.lab-gamerz.com\/site\/?page_id=3833"},"modified":"2025-02-16T20:44:21","modified_gmt":"2025-02-16T19:44:21","slug":"evenements","status":"publish","type":"page","link":"https:\/\/dev.lab-gamerz.com\/site\/evenements\/","title":{"rendered":"\u00c9v\u00e9nements"},"content":{"rendered":"<h2>\u00c9v\u00e9nements<\/h2>\n<p>LABgamerz produit un festival international annuel ainsi qu\u2019un programme d\u2019expositions et d\u2019\u00e9v\u00e9nements en collaboration avec un r\u00e9seau de partenaires pr\u00e9sents sur le territoire local, national et europ\u00e9en. La programmation artistique de LABgamerz est pens\u00e9e comme une plateforme de rencontres, d\u2019\u00e9changes, de discussions et de relations entre artistes, professionnel\u00b7es, chercheur\u00b7es et diff\u00e9rents publics. Des probl\u00e9matiques urgentes de la pens\u00e9e contemporaine sont abord\u00e9es d\u2019une fa\u00e7on interdisciplinaire et sensible, via une pluralit\u00e9 d\u2019approches ainsi que de formes, de dispositifs et de mani\u00e8res de rencontrer le public : performances, installations, conf\u00e9rences, projections, d\u00e9bats, concerts, s\u00e9ances d\u2019\u00e9coute, promenades, workshops, etc. Une place centrale dans la programmation est donn\u00e9e aux artistes accompagn\u00e9\u00b7es par l\u2019association, en reliant production et diffusion pour offrir une plateforme de visibilit\u00e9 \u00e0 la cr\u00e9ation \u00e9mergente.<\/p>\n<p>\t\t\t\t\t\t\t\t\t\t\t\t\t\t\t\t<a href=\"https:\/\/dev.lab-gamerz.com\/site\/lips\/\"><br \/>\n\t\t\t\t\t\t\t<img loading=\"lazy\" decoding=\"async\" width=\"800\" height=\"293\" src=\"https:\/\/dev.lab-gamerz.com\/site\/wp-content\/uploads\/2025\/01\/BoutonLipsSite-CROPPED-1536x562.jpg\" alt=\"\" srcset=\"https:\/\/dev.lab-gamerz.com\/site\/wp-content\/uploads\/2025\/01\/BoutonLipsSite-CROPPED-1536x562.jpg 1536w, https:\/\/dev.lab-gamerz.com\/site\/wp-content\/uploads\/2025\/01\/BoutonLipsSite-CROPPED-300x110.jpg 300w, https:\/\/dev.lab-gamerz.com\/site\/wp-content\/uploads\/2025\/01\/BoutonLipsSite-CROPPED-1024x374.jpg 1024w, https:\/\/dev.lab-gamerz.com\/site\/wp-content\/uploads\/2025\/01\/BoutonLipsSite-CROPPED-768x281.jpg 768w, https:\/\/dev.lab-gamerz.com\/site\/wp-content\/uploads\/2025\/01\/BoutonLipsSite-CROPPED.jpg 1920w\" sizes=\"auto, (max-width: 800px) 100vw, 800px\" \/>\t\t\t\t\t\t\t\t<\/a><br \/>\n\t\t\t\t\t\t\t\t\t\t\t\t\t\t\t\t<a href=\"https:\/\/dev.lab-gamerz.com\/site\/festival-gamerz\/\"><br \/>\n\t\t\t\t\t\t\t<img loading=\"lazy\" decoding=\"async\" width=\"800\" height=\"292\" src=\"https:\/\/dev.lab-gamerz.com\/site\/wp-content\/uploads\/2025\/01\/BoutonGamerzSite-1024x374.jpg\" alt=\"\" srcset=\"https:\/\/dev.lab-gamerz.com\/site\/wp-content\/uploads\/2025\/01\/BoutonGamerzSite-1024x374.jpg 1024w, https:\/\/dev.lab-gamerz.com\/site\/wp-content\/uploads\/2025\/01\/BoutonGamerzSite-300x110.jpg 300w, https:\/\/dev.lab-gamerz.com\/site\/wp-content\/uploads\/2025\/01\/BoutonGamerzSite-768x281.jpg 768w, https:\/\/dev.lab-gamerz.com\/site\/wp-content\/uploads\/2025\/01\/BoutonGamerzSite-1536x562.jpg 1536w, https:\/\/dev.lab-gamerz.com\/site\/wp-content\/uploads\/2025\/01\/BoutonGamerzSite.jpg 1920w\" sizes=\"auto, (max-width: 800px) 100vw, 800px\" \/>\t\t\t\t\t\t\t\t<\/a><\/p>\n<article data-id=\"3658\">\n            <a href=\"https:\/\/dev.lab-gamerz.com\/site\/loops-of-the-loom-cecile-babiole\/\"><\/a><br \/>\n                                <img loading=\"lazy\" decoding=\"async\" width=\"300\" height=\"200\" src=\"https:\/\/dev.lab-gamerz.com\/site\/wp-content\/uploads\/2024\/09\/Cecile_au_tissage-scaled-1-300x200.jpg\" alt=\"\" \/><\/p>\n<header>\n<h5><a href=\"https:\/\/dev.lab-gamerz.com\/site\/loops-of-the-loom-cecile-babiole\/\" title=\"Loops of the Loom | C\u00e9cile Babiole\">Loops of the Loom | C\u00e9cile Babiole<\/a><\/h5>\n<\/header>\n<p><time datetime=\"17 septembre 2024\">17 septembre 2024<\/time><br \/>\n    <\/article>\n<article data-id=\"3642\">\n            <a href=\"https:\/\/dev.lab-gamerz.com\/site\/akwan-des-univers-youmna-saba\/\"><\/a><br \/>\n                                <img loading=\"lazy\" decoding=\"async\" width=\"300\" height=\"207\" src=\"https:\/\/dev.lab-gamerz.com\/site\/wp-content\/uploads\/2024\/10\/image00235-e1729516756488-300x207.jpg\" alt=\"\" \/><\/p>\n<header>\n<h5><a href=\"https:\/\/dev.lab-gamerz.com\/site\/akwan-des-univers-youmna-saba\/\" title=\"Akwan (des univers) | Youmna Saba\">Akwan (des univers) | Youmna Saba<\/a><\/h5>\n<\/header>\n<p><time datetime=\"17 septembre 2024\">17 septembre 2024<\/time><br \/>\n    <\/article>\n<article data-id=\"3594\">\n            <a href=\"https:\/\/dev.lab-gamerz.com\/site\/soiree-de-restitution-du-studio-temps-reel-de-lesaaix\/\"><\/a><br \/>\n                                <img loading=\"lazy\" decoding=\"async\" width=\"300\" height=\"168\" src=\"https:\/\/dev.lab-gamerz.com\/site\/wp-content\/uploads\/2024\/05\/ERRANCEVI-300dpi-min-min-min-min-min_page-0001-1-300x168.jpg\" alt=\"\" \/><\/p>\n<header>\n<h5><a href=\"https:\/\/dev.lab-gamerz.com\/site\/soiree-de-restitution-du-studio-temps-reel-de-lesaaix\/\" title=\"Spectres, Zombix et autres figures hant\u00e9es\">Spectres, Zombix et autres figures hant\u00e9es<\/a><\/h5>\n<\/header>\n<p><time datetime=\"14 mai 2024\">14 mai 2024<\/time><br \/>\n    <\/article>\n<article data-id=\"3560\">\n            <a href=\"https:\/\/dev.lab-gamerz.com\/site\/deep-speech-dialogues-inter-especes-exposition-collective\/\"><\/a><br \/>\n                                <img loading=\"lazy\" decoding=\"async\" width=\"300\" height=\"212\" src=\"https:\/\/dev.lab-gamerz.com\/site\/wp-content\/uploads\/2024\/03\/visu-FormaBoom-DeepSpeech-1-scaled-1-300x212.jpg\" alt=\"\" \/><\/p>\n<header>\n<h5><a href=\"https:\/\/dev.lab-gamerz.com\/site\/deep-speech-dialogues-inter-especes-exposition-collective\/\" title=\"Deep Speech | Exposition et Festival\">Deep Speech | Exposition et Festival<\/a><\/h5>\n<\/header>\n<p><time datetime=\"25 mars 2024\">25 mars 2024<\/time><br \/>\n    <\/article>\n<article data-id=\"3456\">\n            <a href=\"https:\/\/dev.lab-gamerz.com\/site\/fluidspace\/\"><\/a><br \/>\n                                <img loading=\"lazy\" decoding=\"async\" width=\"300\" height=\"157\" src=\"https:\/\/dev.lab-gamerz.com\/site\/wp-content\/uploads\/2023\/12\/Banniere_FluidSpace_Event_800px-300x157.png\" alt=\"\" \/><\/p>\n<header>\n<h5><a href=\"https:\/\/dev.lab-gamerz.com\/site\/fluidspace\/\" title=\"FLUIDSPACE\">FLUIDSPACE<\/a><\/h5>\n<\/header>\n<p><time datetime=\"4 d\u00e9cembre 2023\">4 d\u00e9cembre 2023<\/time><br \/>\n    <\/article>\n<article data-id=\"3392\">\n            <a href=\"https:\/\/dev.lab-gamerz.com\/site\/cyclon-2\/\"><\/a><br \/>\n                                <img loading=\"lazy\" decoding=\"async\" width=\"300\" height=\"163\" src=\"https:\/\/dev.lab-gamerz.com\/site\/wp-content\/uploads\/2023\/10\/cyclonradiograp-scaled-1-300x163.jpg\" alt=\"\" \/><\/p>\n<header>\n<h5><a href=\"https:\/\/dev.lab-gamerz.com\/site\/cyclon-2\/\" title=\"CYCLON | Lucien Gaudion\">CYCLON | Lucien Gaudion<\/a><\/h5>\n<\/header>\n<p><time datetime=\"31 octobre 2023\">31 octobre 2023<\/time><br \/>\n    <\/article>\n<article data-id=\"3264\">\n            <a href=\"https:\/\/dev.lab-gamerz.com\/site\/autoreverse-chnow-sortie-de-residence-concerts\/\"><\/a><br \/>\n                                <img loading=\"lazy\" decoding=\"async\" width=\"300\" height=\"161\" src=\"https:\/\/dev.lab-gamerz.com\/site\/wp-content\/uploads\/2023\/06\/AUTOREVERSE-CHNOW-300x161.jpg\" alt=\"\" \/><\/p>\n<header>\n<h5><a href=\"https:\/\/dev.lab-gamerz.com\/site\/autoreverse-chnow-sortie-de-residence-concerts\/\" title=\"AUTOREVERSE + CHNOW  |  Sortie de r\u00e9sidence &#038; concerts @ SOMA\">AUTOREVERSE + CHNOW  |  Sortie de r\u00e9sidence &#038; concerts @ SOMA<\/a><\/h5>\n<\/header>\n<p><time datetime=\"12 juin 2023\">12 juin 2023<\/time><br \/>\n    <\/article>\n<article data-id=\"3188\">\n            <a href=\"https:\/\/dev.lab-gamerz.com\/site\/encagement-exposition-personnelle-de-nicolas-montgermont\/\"><\/a><br \/>\n                                <img loading=\"lazy\" decoding=\"async\" width=\"300\" height=\"161\" src=\"https:\/\/dev.lab-gamerz.com\/site\/wp-content\/uploads\/2022\/10\/Encagement-Nicolas-Montgermont-Lab-GAMERZ-Exposition-Biennale-une-5eme-saison-Aix-en-Provence-300x161.jpg\" alt=\"\" \/><\/p>\n<header>\n<h5><a href=\"https:\/\/dev.lab-gamerz.com\/site\/encagement-exposition-personnelle-de-nicolas-montgermont\/\" title=\"ENCAGEMENT  |  Exposition personnelle de Nicolas Montgermont\">ENCAGEMENT  |  Exposition personnelle de Nicolas Montgermont<\/a><\/h5>\n<\/header>\n<p><time datetime=\"18 octobre 2022\">18 octobre 2022<\/time><br \/>\n    <\/article>\n<article data-id=\"3128\">\n            <a href=\"https:\/\/dev.lab-gamerz.com\/site\/continuer-sans-accepter-exposition-collective\/\"><\/a><br \/>\n                                <img loading=\"lazy\" decoding=\"async\" width=\"300\" height=\"161\" src=\"https:\/\/dev.lab-gamerz.com\/site\/wp-content\/uploads\/2022\/07\/Continuer-sans-accepter-Exposition-Lab-GAMERZ-Biennale-dAix-Une-5eme-Saison-300x161.jpg\" alt=\"Continuer-sans-accepter-Exposition-Lab-GAMERZ-Biennale-dAix-Une-5eme-Saison\" \/><\/p>\n<header>\n<h5><a href=\"https:\/\/dev.lab-gamerz.com\/site\/continuer-sans-accepter-exposition-collective\/\" title=\"CONTINUER SANS ACCEPTER  |  Exposition collective\">CONTINUER SANS ACCEPTER  |  Exposition collective<\/a><\/h5>\n<\/header>\n<p><time datetime=\"17 juillet 2022\">17 juillet 2022<\/time><br \/>\n    <\/article>\n<article data-id=\"3084\">\n            <a href=\"https:\/\/dev.lab-gamerz.com\/site\/plain-champ-emma-loriaut-julien-clauss\/\"><\/a><br \/>\n                                <img loading=\"lazy\" decoding=\"async\" width=\"300\" height=\"161\" src=\"https:\/\/dev.lab-gamerz.com\/site\/wp-content\/uploads\/2022\/06\/PLAIN-CHAMP-Biennale-Une-5eme-saison-Aix-Lab-GAMERZ-Radio_Emma-Loriaut_Julien-Clauss\u00a9Anabelle-Michon-300x161.jpg\" alt=\"Radio_Emma-Loriaut_Julien-Clauss\u00a9Anabelle Michon\" \/><\/p>\n<header>\n<h5><a href=\"https:\/\/dev.lab-gamerz.com\/site\/plain-champ-emma-loriaut-julien-clauss\/\" title=\"PLAIN-CHAMP  |  JULIEN CLAUSS &#038; EMMA LORIAUT\">PLAIN-CHAMP  |  JULIEN CLAUSS &#038; EMMA LORIAUT<\/a><\/h5>\n<\/header>\n<p><time datetime=\"31 mai 2022\">31 mai 2022<\/time><br \/>\n    <\/article>\n<article data-id=\"3058\">\n            <a href=\"https:\/\/dev.lab-gamerz.com\/site\/radio-fischli-weiss-collectif-%cf%80-node\/\"><\/a><br \/>\n                                <img loading=\"lazy\" decoding=\"async\" width=\"300\" height=\"161\" src=\"https:\/\/dev.lab-gamerz.com\/site\/wp-content\/uploads\/2022\/05\/P-Node-invitation-site-300x161.jpg\" alt=\"Radio Fischli Weiss | \u220fnode\" \/><\/p>\n<header>\n<h5><a href=\"https:\/\/dev.lab-gamerz.com\/site\/radio-fischli-weiss-collectif-%cf%80-node\/\" title=\"RADIO FISCHLI WEISS  |  COLLECTIF \u03a0-NODE\">RADIO FISCHLI WEISS  |  COLLECTIF \u03a0-NODE<\/a><\/h5>\n<\/header>\n<p><time datetime=\"3 mai 2022\">3 mai 2022<\/time><br \/>\n    <\/article>\n<article data-id=\"2991\">\n            <a href=\"https:\/\/dev.lab-gamerz.com\/site\/felix-blume-exposition-monographique\/\"><\/a><br \/>\n                                <img loading=\"lazy\" decoding=\"async\" width=\"300\" height=\"161\" src=\"https:\/\/dev.lab-gamerz.com\/site\/wp-content\/uploads\/2022\/02\/website-Felix-Blume-Exposition-monographique-Musee-des-tapisseries-Aix-en-Provence-Biennale-une-5eme-saison-M2F-Creations-Lab-GAMERZ-300x161.jpg\" alt=\"website-F\u00e9lix Blume-Exposition monographique-Mus\u00e9e des tapisseries-Aix-en-Provence-Biennale une 5\u00e8me saison-M2F Cr\u00e9ations - Lab GAMERZ\" \/><\/p>\n<header>\n<h5><a href=\"https:\/\/dev.lab-gamerz.com\/site\/felix-blume-exposition-monographique\/\" title=\"F\u00c9LIX BLUME  |  Exposition monographique\">F\u00c9LIX BLUME  |  Exposition monographique<\/a><\/h5>\n<\/header>\n<p><time datetime=\"28 f\u00e9vrier 2022\">28 f\u00e9vrier 2022<\/time><br \/>\n    <\/article>\n<article data-id=\"2977\">\n            <a href=\"https:\/\/dev.lab-gamerz.com\/site\/puissance-3\/\"><\/a><br \/>\n                                <img loading=\"lazy\" decoding=\"async\" width=\"300\" height=\"161\" src=\"https:\/\/dev.lab-gamerz.com\/site\/wp-content\/uploads\/2022\/01\/PUISSANCE-Sortie-de-residence-Gregoire-Lauvin-MAC-Arteum-M2F-Creations-Lab-GAMERZ-300x161.jpg\" alt=\"\" \/><\/p>\n<header>\n<h5><a href=\"https:\/\/dev.lab-gamerz.com\/site\/puissance-3\/\" title=\"PUISSANCE  |  2022\">PUISSANCE  |  2022<\/a><\/h5>\n<\/header>\n<p><time datetime=\"18 janvier 2022\">18 janvier 2022<\/time><br \/>\n    <\/article>\n<article data-id=\"2880\">\n            <a href=\"https:\/\/dev.lab-gamerz.com\/site\/metaboles-2021\/\"><\/a><br \/>\n                                <img loading=\"lazy\" decoding=\"async\" width=\"300\" height=\"160\" src=\"https:\/\/dev.lab-gamerz.com\/site\/wp-content\/uploads\/2021\/05\/metaboles-site-300x160.jpg\" alt=\"\" \/><\/p>\n<header>\n<h5><a href=\"https:\/\/dev.lab-gamerz.com\/site\/metaboles-2021\/\" title=\"METABOLES | 2021\">METABOLES | 2021<\/a><\/h5>\n<\/header>\n<p><time datetime=\"25 mai 2021\">25 mai 2021<\/time><br \/>\n    <\/article>\n<p>\t\t\t\t\t<a href=\"https:\/\/dev.lab-gamerz.com\/site\/archives-evenements\/\"><br \/>\n\t\t\t\t<svg aria-hidden=\"true\" viewBox=\"0 0 448 512\" xmlns=\"http:\/\/www.w3.org\/2000\/svg\"><path d=\"M190.5 66.9l22.2-22.2c9.4-9.4 24.6-9.4 33.9 0L441 239c9.4 9.4 9.4 24.6 0 33.9L246.6 467.3c-9.4 9.4-24.6 9.4-33.9 0l-22.2-22.2c-9.5-9.5-9.3-25 .4-34.3L311.4 296H24c-13.3 0-24-10.7-24-24v-32c0-13.3 10.7-24 24-24h287.4L190.9 101.2c-9.8-9.3-10-24.8-.4-34.3z\"><\/path><\/svg><br \/>\n\t\t\t\t\t\t\t\t\tArchives<br \/>\n\t\t\t\t\t<\/a><\/p>\n","protected":false},"excerpt":{"rendered":"<p>\u00c9v\u00e9nements LABgamerz produit un festival international annuel ainsi qu\u2019un programme d\u2019expositions et d\u2019\u00e9v\u00e9nements en collaboration avec un r\u00e9seau de partenaires pr\u00e9sents sur le territoire local, national et europ\u00e9en. La programmation artistique de LABgamerz est pens\u00e9e comme une plateforme de rencontres, d\u2019\u00e9changes, de discussions et de relations entre artistes, professionnel\u00b7es, chercheur\u00b7es et diff\u00e9rents publics. Des probl\u00e9matiques [&hellip;]<\/p>\n","protected":false},"author":1,"featured_media":0,"parent":0,"menu_order":0,"comment_status":"closed","ping_status":"closed","template":"","meta":{"footnotes":""},"class_list":["post-3833","page","type-page","status-publish","hentry"],"_links":{"self":[{"href":"https:\/\/dev.lab-gamerz.com\/site\/wp-json\/wp\/v2\/pages\/3833","targetHints":{"allow":["GET"]}}],"collection":[{"href":"https:\/\/dev.lab-gamerz.com\/site\/wp-json\/wp\/v2\/pages"}],"about":[{"href":"https:\/\/dev.lab-gamerz.com\/site\/wp-json\/wp\/v2\/types\/page"}],"author":[{"embeddable":true,"href":"https:\/\/dev.lab-gamerz.com\/site\/wp-json\/wp\/v2\/users\/1"}],"replies":[{"embeddable":true,"href":"https:\/\/dev.lab-gamerz.com\/site\/wp-json\/wp\/v2\/comments?post=3833"}],"version-history":[{"count":111,"href":"https:\/\/dev.lab-gamerz.com\/site\/wp-json\/wp\/v2\/pages\/3833\/revisions"}],"predecessor-version":[{"id":4665,"href":"https:\/\/dev.lab-gamerz.com\/site\/wp-json\/wp\/v2\/pages\/3833\/revisions\/4665"}],"wp:attachment":[{"href":"https:\/\/dev.lab-gamerz.com\/site\/wp-json\/wp\/v2\/media?parent=3833"}],"curies":[{"name":"wp","href":"https:\/\/api.w.org\/{rel}","templated":true}]}}