{"id":3812,"date":"2024-12-23T12:14:06","date_gmt":"2024-12-23T11:14:06","guid":{"rendered":"https:\/\/dev.lab-gamerz.com\/site\/?page_id=3812"},"modified":"2025-02-16T19:35:38","modified_gmt":"2025-02-16T18:35:38","slug":"transmission","status":"publish","type":"page","link":"https:\/\/dev.lab-gamerz.com\/site\/transmission\/","title":{"rendered":"Transmission"},"content":{"rendered":"<h2>Transmission<\/h2>\n<p>Toute l\u2019ann\u00e9e, LABgamerz propose des moments de r\u00e9flexion ouverts autour des th\u00e9matiques abord\u00e9es dans la programmation, des actions de m\u00e9diation ainsi que des ateliers d\u2019initiation et transmission des cultures num\u00e9riques adapt\u00e9s \u00e0 des publics diff\u00e9rents. La transmission est con\u00e7ue comme un axe transversal de d\u00e9veloppement et s\u2019articule d\u2019une fa\u00e7on organique avec la production et la programmation. Les projets de diffusion int\u00e8grent des moments de partage de savoir et\/ou de savoir-faire : workshops, ateliers, conf\u00e9rences et tables rondes ; en parall\u00e8le, l\u2019association propose un programme p\u00e9dagogique \u00e0 destination de diff\u00e9rents publics, souvent en collaboration avec les artistes en r\u00e9sidence et en partenariat avec des structures du territoire.<\/p>\n<article data-id=\"3501\">\n            <a href=\"https:\/\/dev.lab-gamerz.com\/site\/workshop-locus-sonus-locus-vitae\/\"><\/a><br \/>\n                                <img loading=\"lazy\" decoding=\"async\" width=\"300\" height=\"199\" src=\"https:\/\/dev.lab-gamerz.com\/site\/wp-content\/uploads\/2024\/02\/locus-scaled-1-300x199.jpg\" alt=\"\" \/><\/p>\n<header>\n<h5><a href=\"https:\/\/dev.lab-gamerz.com\/site\/workshop-locus-sonus-locus-vitae\/\" title=\"Workshop Locus Sonus Locus Vit\u00e6\">Workshop Locus Sonus Locus Vit\u00e6<\/a><\/h5>\n<\/header>\n<p><time datetime=\"8 f\u00e9vrier 2024\">8 f\u00e9vrier 2024<\/time><br \/>\n    <\/article>\n<article data-id=\"3351\">\n            <a href=\"https:\/\/dev.lab-gamerz.com\/site\/ondes-et-radio\/\"><\/a><br \/>\n                                <img loading=\"lazy\" decoding=\"async\" width=\"300\" height=\"200\" src=\"https:\/\/dev.lab-gamerz.com\/site\/wp-content\/uploads\/2023\/10\/encagement2-1024x684-1-300x200.jpg\" alt=\"\" \/><\/p>\n<header>\n<h5><a href=\"https:\/\/dev.lab-gamerz.com\/site\/ondes-et-radio\/\" title=\"Ondes et radio\">Ondes et radio<\/a><\/h5>\n<\/header>\n<p><time datetime=\"16 octobre 2023\">16 octobre 2023<\/time><br \/>\n    <\/article>\n<article data-id=\"3375\">\n            <a href=\"https:\/\/dev.lab-gamerz.com\/site\/discussion-ludique-autour-des-representations-non-masculines-dans-le-jeu-video\/\"><\/a><br \/>\n                                <img loading=\"lazy\" decoding=\"async\" width=\"300\" height=\"201\" src=\"https:\/\/dev.lab-gamerz.com\/site\/wp-content\/uploads\/2023\/10\/IMG_9971bk-300x201.jpg\" alt=\"\" \/><\/p>\n<header>\n<h5><a href=\"https:\/\/dev.lab-gamerz.com\/site\/discussion-ludique-autour-des-representations-non-masculines-dans-le-jeu-video\/\" title=\"DISCUSSION LUDIQUE AUTOUR DES REPR\u00c9SENTATIONS NON MASCULINES DANS LE JEU VID\u00c9O\">DISCUSSION LUDIQUE AUTOUR DES REPR\u00c9SENTATIONS NON MASCULINES DANS LE JEU VID\u00c9O<\/a><\/h5>\n<\/header>\n<p><time datetime=\"14 octobre 2023\">14 octobre 2023<\/time><br \/>\n    <\/article>\n<article data-id=\"2737\">\n            <a href=\"https:\/\/dev.lab-gamerz.com\/site\/pang-pang-club-4\/\"><\/a><br \/>\n                                <img loading=\"lazy\" decoding=\"async\" width=\"300\" height=\"169\" src=\"https:\/\/dev.lab-gamerz.com\/site\/wp-content\/uploads\/2019\/12\/Reprise-du-PPC-300x169.jpg\" alt=\"\" \/><\/p>\n<header>\n<h5><a href=\"https:\/\/dev.lab-gamerz.com\/site\/pang-pang-club-4\/\" title=\"PANG PANG CLUB\">PANG PANG CLUB<\/a><\/h5>\n<\/header>\n<p><time datetime=\"6 d\u00e9cembre 2019\">6 d\u00e9cembre 2019<\/time><br \/>\n    <\/article>\n<article data-id=\"2698\">\n            <a href=\"https:\/\/dev.lab-gamerz.com\/site\/pendule-acoustique-2\/\"><\/a><br \/>\n                                <img loading=\"lazy\" decoding=\"async\" width=\"300\" height=\"300\" src=\"https:\/\/dev.lab-gamerz.com\/site\/wp-content\/uploads\/2019\/12\/Pendule-Gamerz-VB-1-300x300.jpeg\" alt=\"\" \/><\/p>\n<header>\n<h5><a href=\"https:\/\/dev.lab-gamerz.com\/site\/pendule-acoustique-2\/\" title=\"Pendule Acoustique\">Pendule Acoustique<\/a><\/h5>\n<\/header>\n<p><time datetime=\"3 septembre 2019\">3 septembre 2019<\/time><br \/>\n    <\/article>\n<article data-id=\"2650\">\n            <a href=\"https:\/\/dev.lab-gamerz.com\/site\/makey-makey\/\"><\/a><br \/>\n                                <img loading=\"lazy\" decoding=\"async\" width=\"300\" height=\"169\" src=\"https:\/\/dev.lab-gamerz.com\/site\/wp-content\/uploads\/2019\/05\/20190425_134553-300x169.jpg\" alt=\"\" \/><\/p>\n<header>\n<h5><a href=\"https:\/\/dev.lab-gamerz.com\/site\/makey-makey\/\" title=\"MAKEY MAKEY\">MAKEY MAKEY<\/a><\/h5>\n<\/header>\n<p><time datetime=\"3 mai 2019\">3 mai 2019<\/time><br \/>\n    <\/article>\n<article data-id=\"2598\">\n            <a href=\"https:\/\/dev.lab-gamerz.com\/site\/pang-pang-club-2\/\"><\/a><br \/>\n                                <img loading=\"lazy\" decoding=\"async\" width=\"300\" height=\"175\" src=\"https:\/\/dev.lab-gamerz.com\/site\/wp-content\/uploads\/2019\/01\/pangpangclub-2-300x175.jpg\" alt=\"\" \/><\/p>\n<header>\n<h5><a href=\"https:\/\/dev.lab-gamerz.com\/site\/pang-pang-club-2\/\" title=\"PANG PANG CLUB\">PANG PANG CLUB<\/a><\/h5>\n<\/header>\n<p><time datetime=\"24 janvier 2019\">24 janvier 2019<\/time><br \/>\n    <\/article>\n<article data-id=\"2327\">\n            <a href=\"https:\/\/dev.lab-gamerz.com\/site\/atelier-circuit-bending\/\"><\/a><br \/>\n                                <img loading=\"lazy\" decoding=\"async\" width=\"300\" height=\"160\" src=\"https:\/\/dev.lab-gamerz.com\/site\/wp-content\/uploads\/2017\/02\/Confipop-circuit-bending-300x160.jpg\" alt=\"\" \/><\/p>\n<header>\n<h5><a href=\"https:\/\/dev.lab-gamerz.com\/site\/atelier-circuit-bending\/\" title=\"Atelier Circuit Bending\">Atelier Circuit Bending<\/a><\/h5>\n<\/header>\n<p><time datetime=\"16 f\u00e9vrier 2017\">16 f\u00e9vrier 2017<\/time><br \/>\n    <\/article>\n<article data-id=\"2169\">\n            <a href=\"https:\/\/dev.lab-gamerz.com\/site\/eac-2016\/\"><\/a><br \/>\n                                <img loading=\"lazy\" decoding=\"async\" width=\"300\" height=\"160\" src=\"https:\/\/dev.lab-gamerz.com\/site\/wp-content\/uploads\/2016\/06\/EAC-2016-300x160.jpg\" alt=\"\" \/><\/p>\n<header>\n<h5><a href=\"https:\/\/dev.lab-gamerz.com\/site\/eac-2016\/\" title=\"EAC 2016\">EAC 2016<\/a><\/h5>\n<\/header>\n<p><time datetime=\"7 juin 2016\">7 juin 2016<\/time><br \/>\n    <\/article>\n<article data-id=\"2153\">\n            <a href=\"https:\/\/dev.lab-gamerz.com\/site\/eac-2015\/\"><\/a><br \/>\n                                <img loading=\"lazy\" decoding=\"async\" width=\"300\" height=\"160\" src=\"https:\/\/dev.lab-gamerz.com\/site\/wp-content\/uploads\/2016\/04\/Ateliers-video-mapping-300x160.jpg\" alt=\"\" \/><\/p>\n<header>\n<h5><a href=\"https:\/\/dev.lab-gamerz.com\/site\/eac-2015\/\" title=\"EAC 2015\">EAC 2015<\/a><\/h5>\n<\/header>\n<p><time datetime=\"6 juin 2016\">6 juin 2016<\/time><br \/>\n    <\/article>\n<article data-id=\"3729\">\n            <a href=\"https:\/\/dev.lab-gamerz.com\/site\/atelier-video-mapping\/\"><\/a><br \/>\n                                <img loading=\"lazy\" decoding=\"async\" width=\"300\" height=\"160\" src=\"https:\/\/dev.lab-gamerz.com\/site\/wp-content\/uploads\/2016\/06\/atelier-video3d-300x160.jpg\" alt=\"\" \/><\/p>\n<header>\n<h5><a href=\"https:\/\/dev.lab-gamerz.com\/site\/atelier-video-mapping\/\" title=\"Atelier Vid\u00e9o mapping\">Atelier Vid\u00e9o mapping<\/a><\/h5>\n<\/header>\n<p><time datetime=\"6 janvier 2015\">6 janvier 2015<\/time><br \/>\n    <\/article>\n<article data-id=\"3728\">\n            <a href=\"https:\/\/dev.lab-gamerz.com\/site\/atelier-video-3d\/\"><\/a><br \/>\n                                <img loading=\"lazy\" decoding=\"async\" width=\"300\" height=\"160\" src=\"https:\/\/dev.lab-gamerz.com\/site\/wp-content\/uploads\/2016\/04\/atelier-video3D-300x160.jpg\" alt=\"\" \/><\/p>\n<header>\n<h5><a href=\"https:\/\/dev.lab-gamerz.com\/site\/atelier-video-3d\/\" title=\"Atelier Vid\u00e9o 3D\">Atelier Vid\u00e9o 3D<\/a><\/h5>\n<\/header>\n<p><time datetime=\"6 janvier 2015\">6 janvier 2015<\/time><br \/>\n    <\/article>\n<article data-id=\"3727\">\n            <a href=\"https:\/\/dev.lab-gamerz.com\/site\/atelier-immersion\/\"><\/a><br \/>\n                                <img loading=\"lazy\" decoding=\"async\" width=\"300\" height=\"160\" src=\"https:\/\/dev.lab-gamerz.com\/site\/wp-content\/uploads\/2016\/04\/Ateliers-immersion-3D-300x160.jpg\" alt=\"\" \/><\/p>\n<header>\n<h5><a href=\"https:\/\/dev.lab-gamerz.com\/site\/atelier-immersion\/\" title=\"Atelier Immersion\">Atelier Immersion<\/a><\/h5>\n<\/header>\n<p><time datetime=\"6 janvier 2015\">6 janvier 2015<\/time><br \/>\n    <\/article>\n<article data-id=\"3726\">\n            <a href=\"https:\/\/dev.lab-gamerz.com\/site\/atelier-lutheries-electroniques\/\"><\/a><br \/>\n                                <img loading=\"lazy\" decoding=\"async\" width=\"300\" height=\"160\" src=\"https:\/\/dev.lab-gamerz.com\/site\/wp-content\/uploads\/2016\/04\/Ateliers-lutheries-electroniques-300x160.jpg\" alt=\"\" \/><\/p>\n<header>\n<h5><a href=\"https:\/\/dev.lab-gamerz.com\/site\/atelier-lutheries-electroniques\/\" title=\"Atelier Lutheries \u00c9lectroniques\">Atelier Lutheries \u00c9lectroniques<\/a><\/h5>\n<\/header>\n<p><time datetime=\"6 janvier 2015\">6 janvier 2015<\/time><br \/>\n    <\/article>\n<article data-id=\"3725\">\n            <a href=\"https:\/\/dev.lab-gamerz.com\/site\/atelier-impression-3d\/\"><\/a><br \/>\n                                <img loading=\"lazy\" decoding=\"async\" width=\"300\" height=\"160\" src=\"https:\/\/dev.lab-gamerz.com\/site\/wp-content\/uploads\/2016\/04\/Ateliers-impression-scan-3D-300x160.jpg\" alt=\"\" \/><\/p>\n<header>\n<h5><a href=\"https:\/\/dev.lab-gamerz.com\/site\/atelier-impression-3d\/\" title=\"Atelier Impression et Scan 3D\">Atelier Impression et Scan 3D<\/a><\/h5>\n<\/header>\n<p><time datetime=\"6 janvier 2015\">6 janvier 2015<\/time><br \/>\n    <\/article>\n<article data-id=\"3724\">\n            <a href=\"https:\/\/dev.lab-gamerz.com\/site\/recherche-autour-de-linteractivite\/\"><\/a><br \/>\n                                <img loading=\"lazy\" decoding=\"async\" width=\"300\" height=\"160\" src=\"https:\/\/dev.lab-gamerz.com\/site\/wp-content\/uploads\/2016\/04\/Ateliers-recherche-autour-de-l-interactivite-300x160.jpg\" alt=\"\" \/><\/p>\n<header>\n<h5><a href=\"https:\/\/dev.lab-gamerz.com\/site\/recherche-autour-de-linteractivite\/\" title=\"Recherche autour de l\u2019interactivit\u00e9\">Recherche autour de l\u2019interactivit\u00e9<\/a><\/h5>\n<\/header>\n<p><time datetime=\"6 janvier 2015\">6 janvier 2015<\/time><br \/>\n    <\/article>\n<article data-id=\"3723\">\n            <a href=\"https:\/\/dev.lab-gamerz.com\/site\/bricomedia\/\"><\/a><br \/>\n                                <img loading=\"lazy\" decoding=\"async\" width=\"300\" height=\"160\" src=\"https:\/\/dev.lab-gamerz.com\/site\/wp-content\/uploads\/2015\/01\/at-bricomedia-300x160.jpg\" alt=\"\" \/><\/p>\n<header>\n<h5><a href=\"https:\/\/dev.lab-gamerz.com\/site\/bricomedia\/\" title=\"Bricom\u00e9dia\">Bricom\u00e9dia<\/a><\/h5>\n<\/header>\n<p><time datetime=\"6 janvier 2015\">6 janvier 2015<\/time><br \/>\n    <\/article>\n","protected":false},"excerpt":{"rendered":"<p>Transmission Toute l\u2019ann\u00e9e, LABgamerz propose des moments de r\u00e9flexion ouverts autour des th\u00e9matiques abord\u00e9es dans la programmation, des actions de m\u00e9diation ainsi que des ateliers d\u2019initiation et transmission des cultures num\u00e9riques adapt\u00e9s \u00e0 des publics diff\u00e9rents. La transmission est con\u00e7ue comme un axe transversal de d\u00e9veloppement et s\u2019articule d\u2019une fa\u00e7on organique avec la production et [&hellip;]<\/p>\n","protected":false},"author":1,"featured_media":0,"parent":0,"menu_order":0,"comment_status":"closed","ping_status":"closed","template":"","meta":{"footnotes":""},"class_list":["post-3812","page","type-page","status-publish","hentry"],"_links":{"self":[{"href":"https:\/\/dev.lab-gamerz.com\/site\/wp-json\/wp\/v2\/pages\/3812","targetHints":{"allow":["GET"]}}],"collection":[{"href":"https:\/\/dev.lab-gamerz.com\/site\/wp-json\/wp\/v2\/pages"}],"about":[{"href":"https:\/\/dev.lab-gamerz.com\/site\/wp-json\/wp\/v2\/types\/page"}],"author":[{"embeddable":true,"href":"https:\/\/dev.lab-gamerz.com\/site\/wp-json\/wp\/v2\/users\/1"}],"replies":[{"embeddable":true,"href":"https:\/\/dev.lab-gamerz.com\/site\/wp-json\/wp\/v2\/comments?post=3812"}],"version-history":[{"count":30,"href":"https:\/\/dev.lab-gamerz.com\/site\/wp-json\/wp\/v2\/pages\/3812\/revisions"}],"predecessor-version":[{"id":4625,"href":"https:\/\/dev.lab-gamerz.com\/site\/wp-json\/wp\/v2\/pages\/3812\/revisions\/4625"}],"wp:attachment":[{"href":"https:\/\/dev.lab-gamerz.com\/site\/wp-json\/wp\/v2\/media?parent=3812"}],"curies":[{"name":"wp","href":"https:\/\/api.w.org\/{rel}","templated":true}]}}